{"id":113,"date":"2026-03-28T14:49:06","date_gmt":"2026-03-28T14:49:06","guid":{"rendered":"https:\/\/domingofilssarl.net\/?page_id=113"},"modified":"2026-04-03T19:57:23","modified_gmt":"2026-04-03T19:57:23","slug":"news","status":"publish","type":"page","link":"https:\/\/domingofilssarl.net\/?page_id=113","title":{"rendered":"News"},"content":{"rendered":"\n<h1>\n<center>\n<div style=\"background-color: #FFA500;\">\ud83d\udcf0 ACTUALIT\u00c9S DE L\u2019ENTREPRISE <\/div>\n<\/center>\n<\/h1>\n<img  alt=\"\" width=\"250\" height=\"150\" \/ class=\"lws-optimize-lazyload\" data-src=\"https:\/\/domingofilssarl.net\/wp-content\/uploads\/2026\/03\/domingofils28.jpeg\">\n<img  alt=\"\" width=\"250\" height=\"150\" \/ class=\"lws-optimize-lazyload\" data-src=\"https:\/\/domingofilssarl.net\/wp-content\/uploads\/2026\/03\/domingofils5.jpeg\">\n\n\n\n<div class=\"wp-block-group is-vertical is-layout-flex wp-container-core-group-is-layout-8cf370e7 wp-block-group-is-layout-flex\">\n<h1 class=\"wp-block-heading\">\ud83d\udcf0 ACTUALIT\u00c9S DE L\u2019ENTREPRISE<\/h1>\n\n\n\n<h3 class=\"wp-block-heading\">\ud83d\udea7 Projets &amp; R\u00e9alisations (BTP)<\/h3>\n\n\n\n<ul class=\"wp-block-list\">\n<li>Finalisation d\u2019un immeuble <strong>R+5 \u00e0 Bamako<\/strong><\/li>\n\n\n\n<li>Construction d\u2019un <strong>entrep\u00f4t logistique moderne<\/strong><\/li>\n\n\n\n<li>Travaux de <strong>terrassement r\u00e9alis\u00e9s avec succ\u00e8s<\/strong><\/li>\n<\/ul>\n\n\n\n<h3 class=\"wp-block-heading\">\ud83d\ude9a Logistique &amp; Transport<\/h3>\n\n\n\n<ul class=\"wp-block-list\">\n<li>Livraison r\u00e9guli\u00e8re <strong>Bamako \u2013 Abidjan<\/strong><\/li>\n\n\n\n<li><strong>Optimisation des d\u00e9lais<\/strong> de transport pour plus d\u2019efficacit\u00e9<\/li>\n\n\n\n<li>D\u00e9veloppement de <strong>partenariats logistiques r\u00e9gionaux<\/strong><\/li>\n<\/ul>\n\n\n\n<h3 class=\"wp-block-heading\">\ud83c\udf0d Import \u2013 Export &amp; Transit<\/h3>\n\n\n\n<ul class=\"wp-block-list\">\n<li><strong>Importation depuis la Chine<\/strong> de produits industriels<\/li>\n\n\n\n<li>Gestion professionnelle du <strong>transit douanier<\/strong><\/li>\n\n\n\n<li>Expansion vers de <strong>nouveaux march\u00e9s internationaux<\/strong><\/li>\n<\/ul>\n\n\n\n<hr class=\"wp-block-separator has-alpha-channel-opacity\"\/>\n\n\n\n<h1 class=\"wp-block-heading\">\ud83c\udf1f NOS NOUVELLES INITIATIVES<\/h1>\n\n\n\n<ul class=\"wp-block-list\">\n<li>Lancement d\u2019un <strong>nouveau chantier \u00e0 Bamako<\/strong><\/li>\n\n\n\n<li>Renforcement de notre <strong>flotte de camions<\/strong> pour la logistique<\/li>\n\n\n\n<li>Ouverture d\u2019un <strong>service d\u2019import-export international<\/strong><\/li>\n<\/ul>\n\n\n\n<hr class=\"wp-block-separator has-alpha-channel-opacity\"\/>\n\n\n\n<h1 class=\"wp-block-heading\">\ud83d\udca1 CONSEILS &amp; EXPERTISE<\/h1>\n\n\n\n<ul class=\"wp-block-list\">\n<li><strong>R\u00e9ussir un projet de construction<\/strong> : bonnes pratiques et accompagnement.<\/li>\n\n\n\n<li><strong>Comment r\u00e9ussir son import-export ?<\/strong> : strat\u00e9gies et solutions adapt\u00e9es.<\/li>\n\n\n\n<li><strong>R\u00e9duire les co\u00fbts de transport<\/strong> : optimisation et innovation logistique.<\/li>\n<\/ul>\n\n\n\n<hr class=\"wp-block-separator has-alpha-channel-opacity\"\/>\n<\/div>\n","protected":false},"excerpt":{"rendered":"<p>\ud83d\udcf0 ACTUALIT\u00c9S DE L\u2019ENTREPRISE \ud83d\udcf0 ACTUALIT\u00c9S DE L\u2019ENTREPRISE \ud83d\udea7 Projets &amp; R\u00e9alisations (BTP) \ud83d\ude9a Logistique &amp; Transport \ud83c\udf0d Import \u2013 Export &amp; Transit \ud83c\udf1f NOS NOUVELLES INITIATIVES \ud83d\udca1 CONSEILS &amp; EXPERTISE<\/p>\n","protected":false},"author":1,"featured_media":0,"parent":0,"menu_order":0,"comment_status":"closed","ping_status":"closed","template":"","meta":{"footnotes":""},"class_list":["post-113","page","type-page","status-publish","hentry"],"yoast_head":"<!-- This site is optimized with the Yoast SEO plugin v27.6 - https:\/\/yoast.com\/product\/yoast-seo-wordpress\/ -->\n<title>News - domingofils.com<\/title>\n<meta name=\"robots\" content=\"index, follow, max-snippet:-1, max-image-preview:large, max-video-preview:-1\" \/>\n<link rel=\"canonical\" href=\"https:\/\/domingofilssarl.net\/?page_id=113\" \/>\n<meta property=\"og:locale\" content=\"fr_FR\" \/>\n<meta property=\"og:type\" content=\"article\" \/>\n<meta property=\"og:title\" content=\"News - domingofils.com\" \/>\n<meta property=\"og:description\" content=\"\ud83d\udcf0 ACTUALIT\u00c9S DE L\u2019ENTREPRISE \ud83d\udcf0 ACTUALIT\u00c9S DE L\u2019ENTREPRISE \ud83d\udea7 Projets &amp; R\u00e9alisations (BTP) \ud83d\ude9a Logistique &amp; Transport \ud83c\udf0d Import \u2013 Export &amp; Transit \ud83c\udf1f NOS NOUVELLES INITIATIVES \ud83d\udca1 CONSEILS &amp; EXPERTISE\" \/>\n<meta property=\"og:url\" content=\"https:\/\/domingofilssarl.net\/?page_id=113\" \/>\n<meta property=\"og:site_name\" content=\"domingofils.com\" \/>\n<meta property=\"article:modified_time\" content=\"2026-04-03T19:57:23+00:00\" \/>\n<meta property=\"og:image\" content=\"https:\/\/domingofilssarl.net\/wp-content\/uploads\/2026\/03\/domingofils28.jpeg\" \/>\n<meta name=\"twitter:card\" content=\"summary_large_image\" \/>\n<meta name=\"twitter:label1\" content=\"Dur\u00e9e de lecture estim\u00e9e\" \/>\n\t<meta name=\"twitter:data1\" content=\"2 minutes\" \/>\n<script type=\"application\/ld+json\" class=\"yoast-schema-graph\">{\"@context\":\"https:\\\/\\\/schema.org\",\"@graph\":[{\"@type\":\"WebPage\",\"@id\":\"https:\\\/\\\/domingofilssarl.net\\\/?page_id=113\",\"url\":\"https:\\\/\\\/domingofilssarl.net\\\/?page_id=113\",\"name\":\"News - domingofils.com\",\"isPartOf\":{\"@id\":\"https:\\\/\\\/domingofilssarl.net\\\/#website\"},\"primaryImageOfPage\":{\"@id\":\"https:\\\/\\\/domingofilssarl.net\\\/?page_id=113#primaryimage\"},\"image\":{\"@id\":\"https:\\\/\\\/domingofilssarl.net\\\/?page_id=113#primaryimage\"},\"thumbnailUrl\":\"https:\\\/\\\/domingofilssarl.net\\\/wp-content\\\/uploads\\\/2026\\\/03\\\/domingofils28.jpeg\",\"datePublished\":\"2026-03-28T14:49:06+00:00\",\"dateModified\":\"2026-04-03T19:57:23+00:00\",\"breadcrumb\":{\"@id\":\"https:\\\/\\\/domingofilssarl.net\\\/?page_id=113#breadcrumb\"},\"inLanguage\":\"fr-FR\",\"potentialAction\":[{\"@type\":\"ReadAction\",\"target\":[\"https:\\\/\\\/domingofilssarl.net\\\/?page_id=113\"]}]},{\"@type\":\"ImageObject\",\"inLanguage\":\"fr-FR\",\"@id\":\"https:\\\/\\\/domingofilssarl.net\\\/?page_id=113#primaryimage\",\"url\":\"https:\\\/\\\/domingofilssarl.net\\\/wp-content\\\/uploads\\\/2026\\\/03\\\/domingofils28.jpeg\",\"contentUrl\":\"https:\\\/\\\/domingofilssarl.net\\\/wp-content\\\/uploads\\\/2026\\\/03\\\/domingofils28.jpeg\",\"width\":550,\"height\":363},{\"@type\":\"BreadcrumbList\",\"@id\":\"https:\\\/\\\/domingofilssarl.net\\\/?page_id=113#breadcrumb\",\"itemListElement\":[{\"@type\":\"ListItem\",\"position\":1,\"name\":\"Home\",\"item\":\"https:\\\/\\\/domingofilssarl.net\\\/\"},{\"@type\":\"ListItem\",\"position\":2,\"name\":\"News\"}]},{\"@type\":\"WebSite\",\"@id\":\"https:\\\/\\\/domingofilssarl.net\\\/#website\",\"url\":\"https:\\\/\\\/domingofilssarl.net\\\/\",\"name\":\"domingofils.com\",\"description\":\"Commerce g\u00e9n\u00e9ral, BTP, Logistique transit transport, Import-export.\",\"potentialAction\":[{\"@type\":\"SearchAction\",\"target\":{\"@type\":\"EntryPoint\",\"urlTemplate\":\"https:\\\/\\\/domingofilssarl.net\\\/?s={search_term_string}\"},\"query-input\":{\"@type\":\"PropertyValueSpecification\",\"valueRequired\":true,\"valueName\":\"search_term_string\"}}],\"inLanguage\":\"fr-FR\"}]}<\/script>\n<!-- \/ Yoast SEO plugin. -->","yoast_head_json":{"title":"News - domingofils.com","robots":{"index":"index","follow":"follow","max-snippet":"max-snippet:-1","max-image-preview":"max-image-preview:large","max-video-preview":"max-video-preview:-1"},"canonical":"https:\/\/domingofilssarl.net\/?page_id=113","og_locale":"fr_FR","og_type":"article","og_title":"News - domingofils.com","og_description":"\ud83d\udcf0 ACTUALIT\u00c9S DE L\u2019ENTREPRISE \ud83d\udcf0 ACTUALIT\u00c9S DE L\u2019ENTREPRISE \ud83d\udea7 Projets &amp; R\u00e9alisations (BTP) \ud83d\ude9a Logistique &amp; Transport \ud83c\udf0d Import \u2013 Export &amp; Transit \ud83c\udf1f NOS NOUVELLES INITIATIVES \ud83d\udca1 CONSEILS &amp; EXPERTISE","og_url":"https:\/\/domingofilssarl.net\/?page_id=113","og_site_name":"domingofils.com","article_modified_time":"2026-04-03T19:57:23+00:00","og_image":[{"url":"https:\/\/domingofilssarl.net\/wp-content\/uploads\/2026\/03\/domingofils28.jpeg","type":"","width":"","height":""}],"twitter_card":"summary_large_image","twitter_misc":{"Dur\u00e9e de lecture estim\u00e9e":"2 minutes"},"schema":{"@context":"https:\/\/schema.org","@graph":[{"@type":"WebPage","@id":"https:\/\/domingofilssarl.net\/?page_id=113","url":"https:\/\/domingofilssarl.net\/?page_id=113","name":"News - domingofils.com","isPartOf":{"@id":"https:\/\/domingofilssarl.net\/#website"},"primaryImageOfPage":{"@id":"https:\/\/domingofilssarl.net\/?page_id=113#primaryimage"},"image":{"@id":"https:\/\/domingofilssarl.net\/?page_id=113#primaryimage"},"thumbnailUrl":"https:\/\/domingofilssarl.net\/wp-content\/uploads\/2026\/03\/domingofils28.jpeg","datePublished":"2026-03-28T14:49:06+00:00","dateModified":"2026-04-03T19:57:23+00:00","breadcrumb":{"@id":"https:\/\/domingofilssarl.net\/?page_id=113#breadcrumb"},"inLanguage":"fr-FR","potentialAction":[{"@type":"ReadAction","target":["https:\/\/domingofilssarl.net\/?page_id=113"]}]},{"@type":"ImageObject","inLanguage":"fr-FR","@id":"https:\/\/domingofilssarl.net\/?page_id=113#primaryimage","url":"https:\/\/domingofilssarl.net\/wp-content\/uploads\/2026\/03\/domingofils28.jpeg","contentUrl":"https:\/\/domingofilssarl.net\/wp-content\/uploads\/2026\/03\/domingofils28.jpeg","width":550,"height":363},{"@type":"BreadcrumbList","@id":"https:\/\/domingofilssarl.net\/?page_id=113#breadcrumb","itemListElement":[{"@type":"ListItem","position":1,"name":"Home","item":"https:\/\/domingofilssarl.net\/"},{"@type":"ListItem","position":2,"name":"News"}]},{"@type":"WebSite","@id":"https:\/\/domingofilssarl.net\/#website","url":"https:\/\/domingofilssarl.net\/","name":"domingofils.com","description":"Commerce g\u00e9n\u00e9ral, BTP, Logistique transit transport, Import-export.","potentialAction":[{"@type":"SearchAction","target":{"@type":"EntryPoint","urlTemplate":"https:\/\/domingofilssarl.net\/?s={search_term_string}"},"query-input":{"@type":"PropertyValueSpecification","valueRequired":true,"valueName":"search_term_string"}}],"inLanguage":"fr-FR"}]}},"_links":{"self":[{"href":"https:\/\/domingofilssarl.net\/index.php?rest_route=\/wp\/v2\/pages\/113","targetHints":{"allow":["GET"]}}],"collection":[{"href":"https:\/\/domingofilssarl.net\/index.php?rest_route=\/wp\/v2\/pages"}],"about":[{"href":"https:\/\/domingofilssarl.net\/index.php?rest_route=\/wp\/v2\/types\/page"}],"author":[{"embeddable":true,"href":"https:\/\/domingofilssarl.net\/index.php?rest_route=\/wp\/v2\/users\/1"}],"replies":[{"embeddable":true,"href":"https:\/\/domingofilssarl.net\/index.php?rest_route=%2Fwp%2Fv2%2Fcomments&post=113"}],"version-history":[{"count":13,"href":"https:\/\/domingofilssarl.net\/index.php?rest_route=\/wp\/v2\/pages\/113\/revisions"}],"predecessor-version":[{"id":585,"href":"https:\/\/domingofilssarl.net\/index.php?rest_route=\/wp\/v2\/pages\/113\/revisions\/585"}],"wp:attachment":[{"href":"https:\/\/domingofilssarl.net\/index.php?rest_route=%2Fwp%2Fv2%2Fmedia&parent=113"}],"curies":[{"name":"wp","href":"https:\/\/api.w.org\/{rel}","templated":true}]}}