{"id":2,"date":"2025-09-05T10:30:40","date_gmt":"2025-09-05T08:30:40","guid":{"rendered":"https:\/\/domingofilssarl.net\/?page_id=2"},"modified":"2026-04-01T14:20:19","modified_gmt":"2026-04-01T14:20:19","slug":"commerce-general","status":"publish","type":"page","link":"https:\/\/domingofilssarl.net\/?page_id=2","title":{"rendered":"Immobilier"},"content":{"rendered":"\n<h2>\n<center>\n<div style=\"background-color: #FFA500;\">LE COMMERCE GENERAL DE L\u2019ENTREPRISE<\/div>\n<\/center>\n<\/h2>\n\n\n\n<ol class=\"wp-block-list\">\n<li>COMMERCE GENERAL<br>Domingo et Fils SARL est une Entreprise intervient dans l\u2019ensemble des activit\u00e9s<br>d\u2019achat, de vente et de distribution de produits divers (alimentaires, industriels,<br>mat\u00e9riels, etc.).<br>Nos services :<br>Achat et revente de marchandises (gros et d\u00e9tail)<\/li>\n<\/ol>\n\n\n\n<ul class=\"wp-block-list\">\n<li>Commerce de gros : importation ou acquisition de grandes quantit\u00e9s de<br>produits pour les revendre aux distributeurs ou d\u00e9taillants.<\/li>\n\n\n\n<li>Commerce de d\u00e9tail : vente directe aux consommateurs (boutiques,<br>supermarch\u00e9s, march\u00e9s).<\/li>\n<\/ul>\n\n\n\n<ol class=\"wp-block-list\">\n<li>Distribution de produits locaux et import\u00e9s<\/li>\n<\/ol>\n\n\n\n<ul class=\"wp-block-list\">\n<li>Produits locaux : mise en valeur des productions nationales (agricoles,<br>artisanales, industrielles).<\/li>\n\n\n\n<li>Produits import\u00e9s : introduction de biens \u00e9trangers pour diversifier l\u2019offre<br>(\u00e9quipements, produits manufactur\u00e9s).<\/li>\n<\/ul>\n\n\n\n<ol class=\"wp-block-list\">\n<li>Fourniture de mat\u00e9riels et \u00e9quipements<\/li>\n<\/ol>\n\n\n\n<ul class=\"wp-block-list\">\n<li>\u00c9quipements industriels : machines, outils, pi\u00e8ces d\u00e9tach\u00e9es.<\/li>\n\n\n\n<li>Mat\u00e9riels de bureau et informatiques : ordinateurs, imprimantes,<br>mobilier.<\/li>\n\n\n\n<li>Produits sp\u00e9cialis\u00e9s : mat\u00e9riaux de construction, \u00e9quipements agricoles,<br>produits \u00e9nerg\u00e9tiques.<\/li>\n<\/ul>\n\n\n\n<ol class=\"wp-block-list\">\n<li>Approvisionnement pour entreprises et particuliers<\/li>\n<\/ol>\n\n\n\n<ul class=\"wp-block-list\">\n<li>Entreprises : gestion des stocks, livraison r\u00e9guli\u00e8re de mati\u00e8res premi\u00e8res<br>ou produits finis.<\/li>\n\n\n\n<li>Particuliers : acc\u00e8s \u00e0 une large gamme de biens pour la consommation<br>quotidienne<\/li>\n\n\n\n<li>N\u00e9gociation commerciale et repr\u00e9sentation<\/li>\n\n\n\n<li>Interm\u00e9diation : mise en relation entre fournisseurs et acheteurs.<\/li>\n\n\n\n<li>Repr\u00e9sentation : agir au nom de marques ou producteurs pour d\u00e9velopper<br>leur march\u00e9.<\/li>\n\n\n\n<li>N\u00e9gociation : obtention de conditions avantageuses (prix, d\u00e9lais,<br>exclusivit\u00e9s).<\/li>\n<\/ul>\n\n\n\n<p><\/p>\n","protected":false},"excerpt":{"rendered":"<p>LE COMMERCE GENERAL DE L\u2019ENTREPRISE<\/p>\n","protected":false},"author":1,"featured_media":0,"parent":0,"menu_order":0,"comment_status":"closed","ping_status":"closed","template":"","meta":{"footnotes":""},"class_list":["post-2","page","type-page","status-publish","hentry"],"yoast_head":"<!-- This site is optimized with the Yoast SEO plugin v27.6 - https:\/\/yoast.com\/product\/yoast-seo-wordpress\/ -->\n<title>Immobilier - domingofils.com<\/title>\n<meta name=\"robots\" content=\"index, follow, max-snippet:-1, max-image-preview:large, max-video-preview:-1\" \/>\n<link rel=\"canonical\" href=\"https:\/\/domingofilssarl.net\/?page_id=2\" \/>\n<meta property=\"og:locale\" content=\"fr_FR\" \/>\n<meta property=\"og:type\" content=\"article\" \/>\n<meta property=\"og:title\" content=\"Immobilier - domingofils.com\" \/>\n<meta property=\"og:description\" content=\"LE COMMERCE GENERAL DE L\u2019ENTREPRISE\" \/>\n<meta property=\"og:url\" content=\"https:\/\/domingofilssarl.net\/?page_id=2\" \/>\n<meta property=\"og:site_name\" content=\"domingofils.com\" \/>\n<meta property=\"article:modified_time\" content=\"2026-04-01T14:20:19+00:00\" \/>\n<meta name=\"twitter:card\" content=\"summary_large_image\" \/>\n<meta name=\"twitter:label1\" content=\"Dur\u00e9e de lecture estim\u00e9e\" \/>\n\t<meta name=\"twitter:data1\" content=\"1 minute\" \/>\n<script type=\"application\/ld+json\" class=\"yoast-schema-graph\">{\"@context\":\"https:\\\/\\\/schema.org\",\"@graph\":[{\"@type\":\"WebPage\",\"@id\":\"https:\\\/\\\/domingofilssarl.net\\\/?page_id=2\",\"url\":\"https:\\\/\\\/domingofilssarl.net\\\/?page_id=2\",\"name\":\"Immobilier - domingofils.com\",\"isPartOf\":{\"@id\":\"https:\\\/\\\/domingofilssarl.net\\\/#website\"},\"datePublished\":\"2025-09-05T08:30:40+00:00\",\"dateModified\":\"2026-04-01T14:20:19+00:00\",\"breadcrumb\":{\"@id\":\"https:\\\/\\\/domingofilssarl.net\\\/?page_id=2#breadcrumb\"},\"inLanguage\":\"fr-FR\",\"potentialAction\":[{\"@type\":\"ReadAction\",\"target\":[\"https:\\\/\\\/domingofilssarl.net\\\/?page_id=2\"]}]},{\"@type\":\"BreadcrumbList\",\"@id\":\"https:\\\/\\\/domingofilssarl.net\\\/?page_id=2#breadcrumb\",\"itemListElement\":[{\"@type\":\"ListItem\",\"position\":1,\"name\":\"Home\",\"item\":\"https:\\\/\\\/domingofilssarl.net\\\/\"},{\"@type\":\"ListItem\",\"position\":2,\"name\":\"Immobilier\"}]},{\"@type\":\"WebSite\",\"@id\":\"https:\\\/\\\/domingofilssarl.net\\\/#website\",\"url\":\"https:\\\/\\\/domingofilssarl.net\\\/\",\"name\":\"domingofils.com\",\"description\":\"Commerce g\u00e9n\u00e9ral, BTP, Logistique transit transport, Import-export.\",\"potentialAction\":[{\"@type\":\"SearchAction\",\"target\":{\"@type\":\"EntryPoint\",\"urlTemplate\":\"https:\\\/\\\/domingofilssarl.net\\\/?s={search_term_string}\"},\"query-input\":{\"@type\":\"PropertyValueSpecification\",\"valueRequired\":true,\"valueName\":\"search_term_string\"}}],\"inLanguage\":\"fr-FR\"}]}<\/script>\n<!-- \/ Yoast SEO plugin. -->","yoast_head_json":{"title":"Immobilier - domingofils.com","robots":{"index":"index","follow":"follow","max-snippet":"max-snippet:-1","max-image-preview":"max-image-preview:large","max-video-preview":"max-video-preview:-1"},"canonical":"https:\/\/domingofilssarl.net\/?page_id=2","og_locale":"fr_FR","og_type":"article","og_title":"Immobilier - domingofils.com","og_description":"LE COMMERCE GENERAL DE L\u2019ENTREPRISE","og_url":"https:\/\/domingofilssarl.net\/?page_id=2","og_site_name":"domingofils.com","article_modified_time":"2026-04-01T14:20:19+00:00","twitter_card":"summary_large_image","twitter_misc":{"Dur\u00e9e de lecture estim\u00e9e":"1 minute"},"schema":{"@context":"https:\/\/schema.org","@graph":[{"@type":"WebPage","@id":"https:\/\/domingofilssarl.net\/?page_id=2","url":"https:\/\/domingofilssarl.net\/?page_id=2","name":"Immobilier - domingofils.com","isPartOf":{"@id":"https:\/\/domingofilssarl.net\/#website"},"datePublished":"2025-09-05T08:30:40+00:00","dateModified":"2026-04-01T14:20:19+00:00","breadcrumb":{"@id":"https:\/\/domingofilssarl.net\/?page_id=2#breadcrumb"},"inLanguage":"fr-FR","potentialAction":[{"@type":"ReadAction","target":["https:\/\/domingofilssarl.net\/?page_id=2"]}]},{"@type":"BreadcrumbList","@id":"https:\/\/domingofilssarl.net\/?page_id=2#breadcrumb","itemListElement":[{"@type":"ListItem","position":1,"name":"Home","item":"https:\/\/domingofilssarl.net\/"},{"@type":"ListItem","position":2,"name":"Immobilier"}]},{"@type":"WebSite","@id":"https:\/\/domingofilssarl.net\/#website","url":"https:\/\/domingofilssarl.net\/","name":"domingofils.com","description":"Commerce g\u00e9n\u00e9ral, BTP, Logistique transit transport, Import-export.","potentialAction":[{"@type":"SearchAction","target":{"@type":"EntryPoint","urlTemplate":"https:\/\/domingofilssarl.net\/?s={search_term_string}"},"query-input":{"@type":"PropertyValueSpecification","valueRequired":true,"valueName":"search_term_string"}}],"inLanguage":"fr-FR"}]}},"_links":{"self":[{"href":"https:\/\/domingofilssarl.net\/index.php?rest_route=\/wp\/v2\/pages\/2","targetHints":{"allow":["GET"]}}],"collection":[{"href":"https:\/\/domingofilssarl.net\/index.php?rest_route=\/wp\/v2\/pages"}],"about":[{"href":"https:\/\/domingofilssarl.net\/index.php?rest_route=\/wp\/v2\/types\/page"}],"author":[{"embeddable":true,"href":"https:\/\/domingofilssarl.net\/index.php?rest_route=\/wp\/v2\/users\/1"}],"replies":[{"embeddable":true,"href":"https:\/\/domingofilssarl.net\/index.php?rest_route=%2Fwp%2Fv2%2Fcomments&post=2"}],"version-history":[{"count":5,"href":"https:\/\/domingofilssarl.net\/index.php?rest_route=\/wp\/v2\/pages\/2\/revisions"}],"predecessor-version":[{"id":453,"href":"https:\/\/domingofilssarl.net\/index.php?rest_route=\/wp\/v2\/pages\/2\/revisions\/453"}],"wp:attachment":[{"href":"https:\/\/domingofilssarl.net\/index.php?rest_route=%2Fwp%2Fv2%2Fmedia&parent=2"}],"curies":[{"name":"wp","href":"https:\/\/api.w.org\/{rel}","templated":true}]}}