{"id":20,"date":"2026-03-26T19:52:02","date_gmt":"2026-03-26T18:52:02","guid":{"rendered":"https:\/\/domingofilssarl.net\/?page_id=20"},"modified":"2026-04-03T19:22:07","modified_gmt":"2026-04-03T19:22:07","slug":"accueil","status":"publish","type":"page","link":"https:\/\/domingofilssarl.net\/","title":{"rendered":"Accueil"},"content":{"rendered":"\n<h1>\n<center>\n<div style=\"background-color: #FFA500;\"> Domingo et Fils SARL<\/div>\n<\/center>\n<\/h1>\n<video src=\"https:\/\/domingofilssarl.net\/wp-content\/uploads\/2026\/03\/Video_domingofils-1.mp4\" controls width=\"360\" height=\"270\" class=\"lws-optimize-lazyload\"><\/video>\n<img  alt=\"\" width=\"260\" height=\"250 \/ height=\"257\" class=\"lws-optimize-lazyload\" data-src=\"https:\/\/domingofilssarl.net\/wp-content\/uploads\/2026\/03\/cropped-domingofils-3.jpeg\">\n\n\n\n\n\n<br>\n<div>\n<h2>\n<strong>\nL\u2019efficacit\u00e9 au service de vos ambitions\n<\/strong>\n<\/h2>\n<\/div>\n<br>\n<div>\n<strong>Domingo et Fils SARL<\/strong> est une entreprise multisectorielle qui se distingue par son dynamisme et son professionnalisme. Active dans le Commerce G\u00e9n\u00e9ral, le BTP, l\u2019Immobilier, la Logistique, le Transit, le Transport et l\u2019Import-Export, elle offre des solutions sur mesure pour accompagner ses clients dans la r\u00e9ussite de leurs projets.\n<\/div>\n<br>\n<div>\n<h3>\n<strong>\nNos atouts majeurs:\n<\/strong>\n<\/h3>\n<br>\n<\/div>\n<\/div>\n\u2728Commerce G\u00e9n\u00e9ral : distribution de produits de consommation et d\u2019\u00e9quipements industriels, avec un approvisionnement fiable et des prix comp\u00e9titifs.\n<div>\n<\/div>\n\u2728BTP : construction, r\u00e9novation et am\u00e9nagement d\u2019infrastructures, r\u00e9alis\u00e9s dans le respect des normes et des d\u00e9lais contractuels.\n<div>\n<div>\n\u2728Immobilier :\n<\/div>\n<div>\n\u2022\tAchat et vente de terrains, maisons et immeubles.\n\u2022\tInterm\u00e9diation immobili\u00e8re pour s\u00e9curiser et faciliter vos transactions.\nUn secteur strat\u00e9gique qui fait de nous un acteur incontournable pour vos investissements immobiliers.\n<\/div>\n<div>\n\u2728Logistique, Transit &#038; Transport : gestion compl\u00e8te de la cha\u00eene d\u2019approvisionnement, de l\u2019enl\u00e8vement au stockage, jusqu\u2019\u00e0 la livraison finale.\n<\/div>\n<div>\n\u2728Import-export : facilitation des \u00e9changes internationaux, recherche de partenaires et organisation du transport de marchandises.\n<\/div>\n<div>\n\u2728Services annexes : conseil en affaires, interm\u00e9diation commerciale et prestations techniques adapt\u00e9es \u00e0 vos besoins sp\u00e9cifiques.\n<\/div>\n<br>\n<div>\n<h3>\n<strong>\nNos engagements:\n<\/strong>\n<\/h3>\n<\/div>\n<div>\n<br>\n\u2022\t\u2705Qualit\u00e9 garantie : des produits et services conformes aux standards internationaux.\n<\/div>\n<div>\n\u2022\t\u2705Respect des \u00e9ch\u00e9anciers contractuels : ex\u00e9cution et facturation dans les d\u00e9lais impartis (72 h maximum apr\u00e8s \u00e9ch\u00e9ance).\n<\/div>\n<div>\n\u2022\t\u2705Fiabilit\u00e9 et s\u00e9curit\u00e9 : gestion transparente et accompagnement personnalis\u00e9.\n<\/div>\n<div>\n\u2022\t\u2705Polyvalence et innovation : une offre diversifi\u00e9e couvrant plusieurs secteurs \nstrat\u00e9giques, avec un accent fort sur l\u2019immobilier.\n<\/div>\n<br>\n<div>\n<h3>\n<strong>\nNotre signature:\n<\/strong>\n<\/h3>\n<\/div>\n<div>\n<div>\n<br>\n\n\u2696\ufe0f<strong>Domingo et Fils SARL :<\/strong> un partenaire de confiance qui conjugue rigueur contractuelle, efficacit\u00e9 op\u00e9rationnelle et vision strat\u00e9gique, pour garantir la satisfaction et la fid\u00e9lit\u00e9 de ses clients et partenaires.\n<\/div>\n<div>\n<img  alt=\"\" width=\"600\" height=\"250 \/ height=\"352\" class=\"lws-optimize-lazyload\" data-src=\"https:\/\/domingofilssarl.net\/wp-content\/uploads\/2026\/03\/domingofils22.jpeg\">\n<\/div>\n\n\n<nav class=\"is-responsive wp-block-navigation is-layout-flex wp-block-navigation-is-layout-flex\" aria-label=\"menu Ent\u00eate\" \n\t\t data-wp-interactive=\"core\/navigation\" data-wp-context='{\"overlayOpenedBy\":{\"click\":false,\"hover\":false,\"focus\":false},\"type\":\"overlay\",\"roleAttribute\":\"\",\"ariaLabel\":\"Menu\"}'><button aria-haspopup=\"dialog\" aria-label=\"Ouvrir le menu\" class=\"wp-block-navigation__responsive-container-open\" \n\t\t\t\tdata-wp-on--click=\"actions.openMenuOnClick\"\n\t\t\t\tdata-wp-on--keydown=\"actions.handleMenuKeydown\"\n\t\t\t><svg width=\"24\" height=\"24\" xmlns=\"http:\/\/www.w3.org\/2000\/svg\" viewBox=\"0 0 24 24\" aria-hidden=\"true\" focusable=\"false\"><path d=\"M4 7.5h16v1.5H4z\"><\/path><path d=\"M4 15h16v1.5H4z\"><\/path><\/svg><\/button>\n\t\t\t\t<div class=\"wp-block-navigation__responsive-container\"  id=\"modal-1\" \n\t\t\t\tdata-wp-class--has-modal-open=\"state.isMenuOpen\"\n\t\t\t\tdata-wp-class--is-menu-open=\"state.isMenuOpen\"\n\t\t\t\tdata-wp-watch=\"callbacks.initMenu\"\n\t\t\t\tdata-wp-on--keydown=\"actions.handleMenuKeydown\"\n\t\t\t\tdata-wp-on--focusout=\"actions.handleMenuFocusout\"\n\t\t\t\ttabindex=\"-1\"\n\t\t\t>\n\t\t\t\t\t<div class=\"wp-block-navigation__responsive-close\" tabindex=\"-1\">\n\t\t\t\t\t\t<div class=\"wp-block-navigation__responsive-dialog\" \n\t\t\t\tdata-wp-bind--aria-modal=\"state.ariaModal\"\n\t\t\t\tdata-wp-bind--aria-label=\"state.ariaLabel\"\n\t\t\t\tdata-wp-bind--role=\"state.roleAttribute\"\n\t\t\t>\n\t\t\t\t\t\t\t<button aria-label=\"Fermer le menu\" class=\"wp-block-navigation__responsive-container-close\" \n\t\t\t\tdata-wp-on--click=\"actions.closeMenuOnClick\"\n\t\t\t><svg xmlns=\"http:\/\/www.w3.org\/2000\/svg\" viewBox=\"0 0 24 24\" width=\"24\" height=\"24\" aria-hidden=\"true\" focusable=\"false\"><path d=\"m13.06 12 6.47-6.47-1.06-1.06L12 10.94 5.53 4.47 4.47 5.53 10.94 12l-6.47 6.47 1.06 1.06L12 13.06l6.47 6.47 1.06-1.06L13.06 12Z\"><\/path><\/svg><\/button>\n\t\t\t\t\t\t\t<div class=\"wp-block-navigation__responsive-container-content\" \n\t\t\t\tdata-wp-watch=\"callbacks.focusFirstElement\"\n\t\t\t id=\"modal-1-content\">\n\t\t\t\t\t\t\t\t<ul class=\"wp-block-navigation__container is-responsive wp-block-navigation\"><li class=\"wp-block-navigation-item wp-block-home-link\"><a class=\"wp-block-home-link__content wp-block-navigation-item__content\" href=\"https:\/\/domingofilssarl.net\" rel=\"home\">Accueil<\/a><\/li><\/ul>\n\t\t\t\t\t\t\t<\/div>\n\t\t\t\t\t\t<\/div>\n\t\t\t\t\t<\/div>\n\t\t\t\t<\/div><\/nav>\n\n\n<pre class=\"wp-block-code\"><code><\/code><\/pre>\n\n\n\n<pre class=\"wp-block-code\"><code><\/code><\/pre>\n\n\n\n<pre class=\"wp-block-code\"><code><\/code><\/pre>\n\n\n<a class=\"wp-block-read-more\" href=\"https:\/\/domingofilssarl.net\/\" target=\"_self\">Lire la suite<span class=\"screen-reader-text\">\u00a0: Accueil<\/span><\/a>\n\n","protected":false},"excerpt":{"rendered":"<p>Domingo et Fils SARL<\/p>\n","protected":false},"author":1,"featured_media":0,"parent":0,"menu_order":0,"comment_status":"closed","ping_status":"closed","template":"","meta":{"footnotes":""},"class_list":["post-20","page","type-page","status-publish","hentry"],"yoast_head":"<!-- This site is optimized with the Yoast SEO plugin v27.6 - https:\/\/yoast.com\/product\/yoast-seo-wordpress\/ -->\n<title>Accueil - domingofils.com %<\/title>\n<meta name=\"robots\" content=\"index, follow, max-snippet:-1, max-image-preview:large, max-video-preview:-1\" \/>\n<link rel=\"canonical\" href=\"https:\/\/domingofilssarl.net\/\" \/>\n<meta property=\"og:locale\" content=\"fr_FR\" \/>\n<meta property=\"og:type\" content=\"article\" \/>\n<meta property=\"og:title\" content=\"Accueil - domingofils.com %\" \/>\n<meta property=\"og:description\" content=\"Domingo et Fils SARL\" \/>\n<meta property=\"og:url\" content=\"https:\/\/domingofilssarl.net\/\" \/>\n<meta property=\"og:site_name\" content=\"domingofils.com\" \/>\n<meta property=\"article:modified_time\" content=\"2026-04-03T19:22:07+00:00\" \/>\n<meta property=\"og:image\" content=\"https:\/\/domingofilssarl.net\/wp-content\/uploads\/2026\/03\/cropped-domingofils-3.jpeg\" \/>\n<meta name=\"twitter:card\" content=\"summary_large_image\" \/>\n<meta name=\"twitter:label1\" content=\"Dur\u00e9e de lecture estim\u00e9e\" \/>\n\t<meta name=\"twitter:data1\" content=\"2 minutes\" \/>\n<script type=\"application\/ld+json\" class=\"yoast-schema-graph\">{\"@context\":\"https:\\\/\\\/schema.org\",\"@graph\":[{\"@type\":\"WebPage\",\"@id\":\"https:\\\/\\\/domingofilssarl.net\\\/\",\"url\":\"https:\\\/\\\/domingofilssarl.net\\\/\",\"name\":\"Accueil - domingofils.com %\",\"isPartOf\":{\"@id\":\"https:\\\/\\\/domingofilssarl.net\\\/#website\"},\"primaryImageOfPage\":{\"@id\":\"https:\\\/\\\/domingofilssarl.net\\\/#primaryimage\"},\"image\":{\"@id\":\"https:\\\/\\\/domingofilssarl.net\\\/#primaryimage\"},\"thumbnailUrl\":\"https:\\\/\\\/domingofilssarl.net\\\/wp-content\\\/uploads\\\/2026\\\/03\\\/cropped-domingofils-3.jpeg\",\"datePublished\":\"2026-03-26T18:52:02+00:00\",\"dateModified\":\"2026-04-03T19:22:07+00:00\",\"breadcrumb\":{\"@id\":\"https:\\\/\\\/domingofilssarl.net\\\/#breadcrumb\"},\"inLanguage\":\"fr-FR\",\"potentialAction\":[{\"@type\":\"ReadAction\",\"target\":[\"https:\\\/\\\/domingofilssarl.net\\\/\"]}]},{\"@type\":\"ImageObject\",\"inLanguage\":\"fr-FR\",\"@id\":\"https:\\\/\\\/domingofilssarl.net\\\/#primaryimage\",\"url\":\"https:\\\/\\\/domingofilssarl.net\\\/wp-content\\\/uploads\\\/2026\\\/03\\\/cropped-domingofils-3.jpeg\",\"contentUrl\":\"https:\\\/\\\/domingofilssarl.net\\\/wp-content\\\/uploads\\\/2026\\\/03\\\/cropped-domingofils-3.jpeg\",\"width\":940,\"height\":930,\"caption\":\"domingofils\"},{\"@type\":\"BreadcrumbList\",\"@id\":\"https:\\\/\\\/domingofilssarl.net\\\/#breadcrumb\",\"itemListElement\":[{\"@type\":\"ListItem\",\"position\":1,\"name\":\"Home\",\"item\":\"https:\\\/\\\/domingofilssarl.net\\\/\"},{\"@type\":\"ListItem\",\"position\":2,\"name\":\"Accueil\"}]},{\"@type\":\"WebSite\",\"@id\":\"https:\\\/\\\/domingofilssarl.net\\\/#website\",\"url\":\"https:\\\/\\\/domingofilssarl.net\\\/\",\"name\":\"domingofils.com\",\"description\":\"Commerce g\u00e9n\u00e9ral, BTP, Logistique transit transport, Import-export.\",\"potentialAction\":[{\"@type\":\"SearchAction\",\"target\":{\"@type\":\"EntryPoint\",\"urlTemplate\":\"https:\\\/\\\/domingofilssarl.net\\\/?s={search_term_string}\"},\"query-input\":{\"@type\":\"PropertyValueSpecification\",\"valueRequired\":true,\"valueName\":\"search_term_string\"}}],\"inLanguage\":\"fr-FR\"}]}<\/script>\n<!-- \/ Yoast SEO plugin. -->","yoast_head_json":{"title":"Accueil - domingofils.com %","robots":{"index":"index","follow":"follow","max-snippet":"max-snippet:-1","max-image-preview":"max-image-preview:large","max-video-preview":"max-video-preview:-1"},"canonical":"https:\/\/domingofilssarl.net\/","og_locale":"fr_FR","og_type":"article","og_title":"Accueil - domingofils.com %","og_description":"Domingo et Fils SARL","og_url":"https:\/\/domingofilssarl.net\/","og_site_name":"domingofils.com","article_modified_time":"2026-04-03T19:22:07+00:00","og_image":[{"url":"https:\/\/domingofilssarl.net\/wp-content\/uploads\/2026\/03\/cropped-domingofils-3.jpeg","type":"","width":"","height":""}],"twitter_card":"summary_large_image","twitter_misc":{"Dur\u00e9e de lecture estim\u00e9e":"2 minutes"},"schema":{"@context":"https:\/\/schema.org","@graph":[{"@type":"WebPage","@id":"https:\/\/domingofilssarl.net\/","url":"https:\/\/domingofilssarl.net\/","name":"Accueil - domingofils.com %","isPartOf":{"@id":"https:\/\/domingofilssarl.net\/#website"},"primaryImageOfPage":{"@id":"https:\/\/domingofilssarl.net\/#primaryimage"},"image":{"@id":"https:\/\/domingofilssarl.net\/#primaryimage"},"thumbnailUrl":"https:\/\/domingofilssarl.net\/wp-content\/uploads\/2026\/03\/cropped-domingofils-3.jpeg","datePublished":"2026-03-26T18:52:02+00:00","dateModified":"2026-04-03T19:22:07+00:00","breadcrumb":{"@id":"https:\/\/domingofilssarl.net\/#breadcrumb"},"inLanguage":"fr-FR","potentialAction":[{"@type":"ReadAction","target":["https:\/\/domingofilssarl.net\/"]}]},{"@type":"ImageObject","inLanguage":"fr-FR","@id":"https:\/\/domingofilssarl.net\/#primaryimage","url":"https:\/\/domingofilssarl.net\/wp-content\/uploads\/2026\/03\/cropped-domingofils-3.jpeg","contentUrl":"https:\/\/domingofilssarl.net\/wp-content\/uploads\/2026\/03\/cropped-domingofils-3.jpeg","width":940,"height":930,"caption":"domingofils"},{"@type":"BreadcrumbList","@id":"https:\/\/domingofilssarl.net\/#breadcrumb","itemListElement":[{"@type":"ListItem","position":1,"name":"Home","item":"https:\/\/domingofilssarl.net\/"},{"@type":"ListItem","position":2,"name":"Accueil"}]},{"@type":"WebSite","@id":"https:\/\/domingofilssarl.net\/#website","url":"https:\/\/domingofilssarl.net\/","name":"domingofils.com","description":"Commerce g\u00e9n\u00e9ral, BTP, Logistique transit transport, Import-export.","potentialAction":[{"@type":"SearchAction","target":{"@type":"EntryPoint","urlTemplate":"https:\/\/domingofilssarl.net\/?s={search_term_string}"},"query-input":{"@type":"PropertyValueSpecification","valueRequired":true,"valueName":"search_term_string"}}],"inLanguage":"fr-FR"}]}},"_links":{"self":[{"href":"https:\/\/domingofilssarl.net\/index.php?rest_route=\/wp\/v2\/pages\/20","targetHints":{"allow":["GET"]}}],"collection":[{"href":"https:\/\/domingofilssarl.net\/index.php?rest_route=\/wp\/v2\/pages"}],"about":[{"href":"https:\/\/domingofilssarl.net\/index.php?rest_route=\/wp\/v2\/types\/page"}],"author":[{"embeddable":true,"href":"https:\/\/domingofilssarl.net\/index.php?rest_route=\/wp\/v2\/users\/1"}],"replies":[{"embeddable":true,"href":"https:\/\/domingofilssarl.net\/index.php?rest_route=%2Fwp%2Fv2%2Fcomments&post=20"}],"version-history":[{"count":99,"href":"https:\/\/domingofilssarl.net\/index.php?rest_route=\/wp\/v2\/pages\/20\/revisions"}],"predecessor-version":[{"id":566,"href":"https:\/\/domingofilssarl.net\/index.php?rest_route=\/wp\/v2\/pages\/20\/revisions\/566"}],"wp:attachment":[{"href":"https:\/\/domingofilssarl.net\/index.php?rest_route=%2Fwp%2Fv2%2Fmedia&parent=20"}],"curies":[{"name":"wp","href":"https:\/\/api.w.org\/{rel}","templated":true}]}}