{"id":77,"date":"2026-03-27T13:54:00","date_gmt":"2026-03-27T13:54:00","guid":{"rendered":"https:\/\/domingofilssarl.net\/?page_id=77"},"modified":"2026-04-03T19:53:07","modified_gmt":"2026-04-03T19:53:07","slug":"autre","status":"publish","type":"page","link":"https:\/\/domingofilssarl.net\/?page_id=77","title":{"rendered":"Autres"},"content":{"rendered":"\n<h2>\n<center>\n<div style=\"background-color: #FFA500;\">AUTRES SERVICES DE DOMINGO ET FILS SARL<\/div>\n<\/center>\n<\/h2>\n<img  alt=\"\" width=\"250\" height=\"150\" \/ class=\"lws-optimize-lazyload\" data-src=\"https:\/\/domingofilssarl.net\/wp-content\/uploads\/2026\/03\/domingofils15.jpeg\">\n<img  alt=\"\" width=\"250\" height=\"150\" \/ class=\"lws-optimize-lazyload\" data-src=\"https:\/\/domingofilssarl.net\/wp-content\/uploads\/2026\/03\/domingofils26.jpeg\">\n\n\n\n<div class=\"wp-block-group is-vertical is-layout-flex wp-container-core-group-is-layout-8cf370e7 wp-block-group-is-layout-flex\">\n<h2 class=\"wp-block-heading\">AUTRES SERVICES<\/h2>\n\n\n\n<p>En compl\u00e9ment de nos activit\u00e9s principales, nous proposons :<\/p>\n\n\n\n<ul class=\"wp-block-list\">\n<li><strong>Conseil en affaires et accompagnement<\/strong> : appui strat\u00e9gique et op\u00e9rationnel pour optimiser vos projets.<\/li>\n\n\n\n<li><strong>Prestation multi-services<\/strong> : solutions pratiques et adapt\u00e9es \u00e0 vos besoins quotidiens.<\/li>\n<\/ul>\n\n\n\n<ul class=\"wp-block-list\">\n<li><strong>Fourniture industrielle<\/strong> : \u00e9quipements et mat\u00e9riels fiables pour soutenir vos activit\u00e9s.<\/li>\n\n\n\n<li><strong>Maintenance et services techniques<\/strong> : interventions rapides et efficaces pour assurer la continuit\u00e9 de vos op\u00e9rations.<\/li>\n\n\n\n<li><strong>Interm\u00e9diation commerciale<\/strong> : mise en relation et facilitation des \u00e9changes pour d\u00e9velopper vos opportunit\u00e9s.<\/li>\n<\/ul>\n\n\n\n<hr class=\"wp-block-separator has-alpha-channel-opacity\"\/>\n\n\n\n<h2 class=\"wp-block-heading\">NOTRE ENGAGEMENT<\/h2>\n\n\n\n<p>Chez <strong>Domingo et Fils SARL<\/strong>, nous nous engageons \u00e0 offrir :<\/p>\n\n\n\n<ul class=\"wp-block-list\">\n<li>Des <strong>services de qualit\u00e9<\/strong>, conformes aux standards professionnels.<\/li>\n\n\n\n<li>Un <strong>accompagnement personnalis\u00e9<\/strong>, adapt\u00e9 \u00e0 chaque partenaire.<\/li>\n\n\n\n<li>Le <strong>respect des d\u00e9lais<\/strong>, garantissant fiabilit\u00e9 et confiance.<\/li>\n\n\n\n<li>Des <strong>solutions innovantes et durables<\/strong>, pour soutenir votre croissance \u00e0 long terme.<\/li>\n<\/ul>\n<\/div>\n","protected":false},"excerpt":{"rendered":"<p>AUTRES SERVICES DE DOMINGO ET FILS SARL AUTRES SERVICES En compl\u00e9ment de nos activit\u00e9s principales, nous proposons : NOTRE ENGAGEMENT Chez Domingo et Fils SARL, nous nous engageons \u00e0 offrir :<\/p>\n","protected":false},"author":1,"featured_media":0,"parent":0,"menu_order":0,"comment_status":"closed","ping_status":"closed","template":"","meta":{"footnotes":""},"class_list":["post-77","page","type-page","status-publish","hentry"],"yoast_head":"<!-- This site is optimized with the Yoast SEO plugin v27.6 - https:\/\/yoast.com\/product\/yoast-seo-wordpress\/ -->\n<title>Autres - domingofils.com<\/title>\n<meta name=\"robots\" content=\"index, follow, max-snippet:-1, max-image-preview:large, max-video-preview:-1\" \/>\n<link rel=\"canonical\" href=\"https:\/\/domingofilssarl.net\/?page_id=77\" \/>\n<meta property=\"og:locale\" content=\"fr_FR\" \/>\n<meta property=\"og:type\" content=\"article\" \/>\n<meta property=\"og:title\" content=\"Autres - domingofils.com\" \/>\n<meta property=\"og:description\" content=\"AUTRES SERVICES DE DOMINGO ET FILS SARL AUTRES SERVICES En compl\u00e9ment de nos activit\u00e9s principales, nous proposons : NOTRE ENGAGEMENT Chez Domingo et Fils SARL, nous nous engageons \u00e0 offrir :\" \/>\n<meta property=\"og:url\" content=\"https:\/\/domingofilssarl.net\/?page_id=77\" \/>\n<meta property=\"og:site_name\" content=\"domingofils.com\" \/>\n<meta property=\"article:modified_time\" content=\"2026-04-03T19:53:07+00:00\" \/>\n<meta property=\"og:image\" content=\"https:\/\/domingofilssarl.net\/wp-content\/uploads\/2026\/03\/domingofils15.jpeg\" \/>\n<meta name=\"twitter:card\" content=\"summary_large_image\" \/>\n<meta name=\"twitter:label1\" content=\"Dur\u00e9e de lecture estim\u00e9e\" \/>\n\t<meta name=\"twitter:data1\" content=\"2 minutes\" \/>\n<script type=\"application\/ld+json\" class=\"yoast-schema-graph\">{\"@context\":\"https:\\\/\\\/schema.org\",\"@graph\":[{\"@type\":\"WebPage\",\"@id\":\"https:\\\/\\\/domingofilssarl.net\\\/?page_id=77\",\"url\":\"https:\\\/\\\/domingofilssarl.net\\\/?page_id=77\",\"name\":\"Autres - domingofils.com\",\"isPartOf\":{\"@id\":\"https:\\\/\\\/domingofilssarl.net\\\/#website\"},\"primaryImageOfPage\":{\"@id\":\"https:\\\/\\\/domingofilssarl.net\\\/?page_id=77#primaryimage\"},\"image\":{\"@id\":\"https:\\\/\\\/domingofilssarl.net\\\/?page_id=77#primaryimage\"},\"thumbnailUrl\":\"https:\\\/\\\/domingofilssarl.net\\\/wp-content\\\/uploads\\\/2026\\\/03\\\/domingofils15.jpeg\",\"datePublished\":\"2026-03-27T13:54:00+00:00\",\"dateModified\":\"2026-04-03T19:53:07+00:00\",\"breadcrumb\":{\"@id\":\"https:\\\/\\\/domingofilssarl.net\\\/?page_id=77#breadcrumb\"},\"inLanguage\":\"fr-FR\",\"potentialAction\":[{\"@type\":\"ReadAction\",\"target\":[\"https:\\\/\\\/domingofilssarl.net\\\/?page_id=77\"]}]},{\"@type\":\"ImageObject\",\"inLanguage\":\"fr-FR\",\"@id\":\"https:\\\/\\\/domingofilssarl.net\\\/?page_id=77#primaryimage\",\"url\":\"https:\\\/\\\/domingofilssarl.net\\\/wp-content\\\/uploads\\\/2026\\\/03\\\/domingofils15.jpeg\",\"contentUrl\":\"https:\\\/\\\/domingofilssarl.net\\\/wp-content\\\/uploads\\\/2026\\\/03\\\/domingofils15.jpeg\",\"width\":517,\"height\":386},{\"@type\":\"BreadcrumbList\",\"@id\":\"https:\\\/\\\/domingofilssarl.net\\\/?page_id=77#breadcrumb\",\"itemListElement\":[{\"@type\":\"ListItem\",\"position\":1,\"name\":\"Home\",\"item\":\"https:\\\/\\\/domingofilssarl.net\\\/\"},{\"@type\":\"ListItem\",\"position\":2,\"name\":\"Autres\"}]},{\"@type\":\"WebSite\",\"@id\":\"https:\\\/\\\/domingofilssarl.net\\\/#website\",\"url\":\"https:\\\/\\\/domingofilssarl.net\\\/\",\"name\":\"domingofils.com\",\"description\":\"Commerce g\u00e9n\u00e9ral, BTP, Logistique transit transport, Import-export.\",\"potentialAction\":[{\"@type\":\"SearchAction\",\"target\":{\"@type\":\"EntryPoint\",\"urlTemplate\":\"https:\\\/\\\/domingofilssarl.net\\\/?s={search_term_string}\"},\"query-input\":{\"@type\":\"PropertyValueSpecification\",\"valueRequired\":true,\"valueName\":\"search_term_string\"}}],\"inLanguage\":\"fr-FR\"}]}<\/script>\n<!-- \/ Yoast SEO plugin. -->","yoast_head_json":{"title":"Autres - domingofils.com","robots":{"index":"index","follow":"follow","max-snippet":"max-snippet:-1","max-image-preview":"max-image-preview:large","max-video-preview":"max-video-preview:-1"},"canonical":"https:\/\/domingofilssarl.net\/?page_id=77","og_locale":"fr_FR","og_type":"article","og_title":"Autres - domingofils.com","og_description":"AUTRES SERVICES DE DOMINGO ET FILS SARL AUTRES SERVICES En compl\u00e9ment de nos activit\u00e9s principales, nous proposons : NOTRE ENGAGEMENT Chez Domingo et Fils SARL, nous nous engageons \u00e0 offrir :","og_url":"https:\/\/domingofilssarl.net\/?page_id=77","og_site_name":"domingofils.com","article_modified_time":"2026-04-03T19:53:07+00:00","og_image":[{"url":"https:\/\/domingofilssarl.net\/wp-content\/uploads\/2026\/03\/domingofils15.jpeg","type":"","width":"","height":""}],"twitter_card":"summary_large_image","twitter_misc":{"Dur\u00e9e de lecture estim\u00e9e":"2 minutes"},"schema":{"@context":"https:\/\/schema.org","@graph":[{"@type":"WebPage","@id":"https:\/\/domingofilssarl.net\/?page_id=77","url":"https:\/\/domingofilssarl.net\/?page_id=77","name":"Autres - domingofils.com","isPartOf":{"@id":"https:\/\/domingofilssarl.net\/#website"},"primaryImageOfPage":{"@id":"https:\/\/domingofilssarl.net\/?page_id=77#primaryimage"},"image":{"@id":"https:\/\/domingofilssarl.net\/?page_id=77#primaryimage"},"thumbnailUrl":"https:\/\/domingofilssarl.net\/wp-content\/uploads\/2026\/03\/domingofils15.jpeg","datePublished":"2026-03-27T13:54:00+00:00","dateModified":"2026-04-03T19:53:07+00:00","breadcrumb":{"@id":"https:\/\/domingofilssarl.net\/?page_id=77#breadcrumb"},"inLanguage":"fr-FR","potentialAction":[{"@type":"ReadAction","target":["https:\/\/domingofilssarl.net\/?page_id=77"]}]},{"@type":"ImageObject","inLanguage":"fr-FR","@id":"https:\/\/domingofilssarl.net\/?page_id=77#primaryimage","url":"https:\/\/domingofilssarl.net\/wp-content\/uploads\/2026\/03\/domingofils15.jpeg","contentUrl":"https:\/\/domingofilssarl.net\/wp-content\/uploads\/2026\/03\/domingofils15.jpeg","width":517,"height":386},{"@type":"BreadcrumbList","@id":"https:\/\/domingofilssarl.net\/?page_id=77#breadcrumb","itemListElement":[{"@type":"ListItem","position":1,"name":"Home","item":"https:\/\/domingofilssarl.net\/"},{"@type":"ListItem","position":2,"name":"Autres"}]},{"@type":"WebSite","@id":"https:\/\/domingofilssarl.net\/#website","url":"https:\/\/domingofilssarl.net\/","name":"domingofils.com","description":"Commerce g\u00e9n\u00e9ral, BTP, Logistique transit transport, Import-export.","potentialAction":[{"@type":"SearchAction","target":{"@type":"EntryPoint","urlTemplate":"https:\/\/domingofilssarl.net\/?s={search_term_string}"},"query-input":{"@type":"PropertyValueSpecification","valueRequired":true,"valueName":"search_term_string"}}],"inLanguage":"fr-FR"}]}},"_links":{"self":[{"href":"https:\/\/domingofilssarl.net\/index.php?rest_route=\/wp\/v2\/pages\/77","targetHints":{"allow":["GET"]}}],"collection":[{"href":"https:\/\/domingofilssarl.net\/index.php?rest_route=\/wp\/v2\/pages"}],"about":[{"href":"https:\/\/domingofilssarl.net\/index.php?rest_route=\/wp\/v2\/types\/page"}],"author":[{"embeddable":true,"href":"https:\/\/domingofilssarl.net\/index.php?rest_route=\/wp\/v2\/users\/1"}],"replies":[{"embeddable":true,"href":"https:\/\/domingofilssarl.net\/index.php?rest_route=%2Fwp%2Fv2%2Fcomments&post=77"}],"version-history":[{"count":10,"href":"https:\/\/domingofilssarl.net\/index.php?rest_route=\/wp\/v2\/pages\/77\/revisions"}],"predecessor-version":[{"id":581,"href":"https:\/\/domingofilssarl.net\/index.php?rest_route=\/wp\/v2\/pages\/77\/revisions\/581"}],"wp:attachment":[{"href":"https:\/\/domingofilssarl.net\/index.php?rest_route=%2Fwp%2Fv2%2Fmedia&parent=77"}],"curies":[{"name":"wp","href":"https:\/\/api.w.org\/{rel}","templated":true}]}}